{"id":369,"date":"2015-07-21T20:22:06","date_gmt":"2015-07-21T20:22:06","guid":{"rendered":"http:\/\/rhythmofmaluku.org\/?page_id=369"},"modified":"2016-08-10T13:02:19","modified_gmt":"2016-08-10T13:02:19","slug":"beleidsplan-2015","status":"publish","type":"page","link":"https:\/\/rhythmofmaluku.nl\/?page_id=369","title":{"rendered":"Beleidsplan 2015"},"content":{"rendered":"<p><strong><u>Ter inleiding<\/u><\/strong><\/p>\n<p>De Nederlandse geschiedenis is sinds eeuwen nauw verweven met de geschiedenis van Indonesi\u00eb in het algemeen en de Molukken in het bijzonder.<\/p>\n<p>Deze geschiedenis duurt nog steeds voort en ondanks pijnlijke herinneringen hebben Nederland en Indonesi\u00eb in de afgelopen decennia een goede relatie opgebouwd. In termen van investeringen behoort Nederland tot de top-5 van investeerders.<\/p>\n<p>Tegenwoordig kent de stroom van het Nederlands toerisme, waaronder een steeds groeiend aandeel van Molukkers in Nederland, naar Indonesi\u00eb een positieve groei, ruim 1,6 miljoen toeristen in 2014, en wordt gerekend tot als \u00e9\u00e9n van de grootste in Europa. Andersom blijkt Nederland tot \u00e9\u00e9n van de favoriete bestemmingen te zijn van Indonesische toeristen.<\/p>\n<p>Iedere relatie heeft zijn eigen (innerlijke) gedrevenheid; zo ook die tussen Nederland en Indonesi\u00eb\/Molukken. Er waren en zijn kwesties over en weer, maar dat is normaal in een relatie. In termen van besturen, zoeken naar oplossingen en samenwerking hebben beide landen een offici\u00eble samenwerkingsovereenkomst, de zogenaamde Joint Declaration on Comprehensive Partnership (kortweg CP), ondertekend. Dit document kent 28 hoofstukken, uitgewerkt in 4 sectoren, namelijk (1) internationale zaken, (2) politieke en (staats)veiligheidssamenwerking, (3) verbetering van de economische ontwikkeling en (4) de verdere ontwikkeling van de sociaal-culturele samenwerking. In de CP wordt ook een hoofdstuk aan de Molukken gewijd.<\/p>\n<p>Dit is een top-down-benadering van beide regeringen, waar tot nu toe veel aandacht wordt gegeven aan West-Indonesi\u00eb. Molukkers willen nu dat president Jokowi (Joko Widodo) in dit kader prioriteit geeft aan de ontwikkelingen van Oost-Indonesi\u00eb en voornamelijk de Molukken. Hij moet met een plan van aanpak komen om de ontwikkelingen te versnellen zoals de voormalige president, Susilo Bambang Yudhoyono (SBY), dat in 2011 ook voor Papua en West Papua heeft gedaan.<\/p>\n<p><strong><u>Molukkers en Nederland<\/u><\/strong><\/p>\n<p>De Molukken kennen sinds de komst van de Portugezen in de 14<sup>de<\/sup> en de VOC in de 15<sup>de<\/sup> eeuw die hun weg vinden naar de zogenaamde specerijeilanden een roerige tijd. Hierbij denken wij voornamelijk aan de Banda-moorden, de hongi-tochten en de Pattimura-opstand. De strafoefeningen van Nederland toen zijn verschrikkelijk en deze geschiedenis wordt nog door vele Molukkers met zich meegedragen.<\/p>\n<p>Als instrumenten om de opstanden in de Molukken en elders in Nederlands-Indi\u00eb te beteugelen, wordt het Koninklijk Nederlands Indisch Leger (KNIL) in het begin van de 19<sup>de<\/sup> eeuw opgericht. Is het in het begin een soort vreemdelingenlegioen, langzamerhand groeit het KNIL en verandert de verhouding tussen de Europese en autochtone manschappen naar 1:4.<\/p>\n<p>Eind 19<sup>de<\/sup> eeuw begint de stroom van Molukkers naar het KNIL pas goed op gang te komen. Molukse KNIL-militairen leveren een substanti\u00eble bijdrage aan het KNIL, maar de soevereiniteitsoverdracht van Nederlands-Indi\u00eb aan de Republiek Indonesi\u00eb op 27 december 1949 betekende ook de opheffing van de koloniale troepen. Het KNIL wordt op 26 juli 1950 officieel opgeheven.<\/p>\n<p>Voor de Nederlandse militairen betekent dit dat ze zullen worden gerepatrieerd naar Nederland. Voor de Indonesische\/Molukse militairen wordt er een keuzemogelijkheid\u00a0geboden, namelijk:\u00a0\u00f3f gedemobiliseerd worden op een plaats naar keuze\u00a0binnen het grondgebied van de Verenigde Staten van Indonesi\u00eb oftewel de Republik Indonesia Serikat (RIS); \u00f3f een overstap maken naar het leger van de RIS, de Angkatan Perang Republik Indonesia Serikat (APRIS).<br \/>\nVoor vele Molukse militairen is een overstap naar de APRIS moeilijk maar onder bepaalde voorwaarden zeker bespreekbaar. Zo willen zij niet als individu een eventuele overstap maken, maar als eenheid onder eigen officieren, met legerplaatsen in de Deelstaat Oost Indonesi\u00eb. Op het moment dat onderhandelingen hierover gaande zijn, wordt op 25 april 1950 in Ambon de Republiek Maluku Selatan (RMS) uitgeroepen.<\/p>\n<p>Als reactie hierop kiezen de Molukse militairen massaal voor de RMS en ontstaan in verschillende steden scherpe tegenstellingen tussen de Molukse KNIL- en APRIS-soldaten. Overstappen naar het Indonesische leger was hiermee van de baan.<\/p>\n<p>De Molukse militairen hebben toen merendeels voor demobilisatie op Ambon gekozen. Deze keuze is, gelet op politieke situatie en onder druk van de Verenigde Naties, onaanvaardbaar voor de RIS; dat geldt ook voor de keuze voor Nieuw-Guinea of Seram. Een noodoplossing: vlak v\u00f3\u00f3r de opheffing van het KNIL worden de Molukse ex-KNIL-militairen tijdelijk opgenomen bij de Nederlandse Koninklijke Landmacht en worden zij en hun gezinnen via een gerechtelijke bevel zogenaamd op dienstbevel ingescheept voor een \u2018tijdelijk verblijf\u2019 in Nederland. Onderweg krijgen alle Molukse ex-KNIL-militairen collectief ontslag en gaan, op de onderste trede van de maatschappelijke ladder in de Nederlandse samenleving beland, aan een onzekere toekomst beginnen.<\/p>\n<p>Dit besluit van de toenmalige Nederlandse overheid zal voor heel veel hartzeer en problemen zorgen.<\/p>\n<p>&nbsp;<\/p>\n<p><strong><u>Molukkers in Nederland<\/u><\/strong><\/p>\n<p>De geschiedenis van Molukkers in Nederland begint op 21 maart 1951: de 1<sup>ste<\/sup> eerste boot, de s.s. Kota Inten, komt in Rotterdam aan; er zullen nog 11 boten volgen. In totaal worden 12.880 Molukse ex-KNIL-militairen met hun gezinnen naar Nederland overgebracht.<\/p>\n<p>Komend jaar, 2016, zal voor de Molukkers een memorabel jaar worden. Immers, de Molukse gemeenschap, nu ongeveer 55.000 personen in totaal, zal dan 65 jaar in Nederland zijn en heeft hier ondertussen wortel geschoten.<\/p>\n<p>Vertrekkend vanuit een -zero situatie in 1951, maar gedragen op de vleugels van de eigen interne kracht, bewogenheid en een veelvormige dynamiek is de Molukse gemeenschap in Nederland in de afgelopen decennia een niet meer weg te denken populatie in Nederland geworden.<\/p>\n<p>De deelname van Molukkers aan de Nederlandse samenleving en voornamelijk als het gaat om de 4 dimensies van integratie: de structurele, de culturele, de interactieve en de identificationele dimensie, laat zien dat anno 2015 men qua expertise en menselijk kapitaal een groeiende positieve bijdrage levert en zal blijven leveren aan BV Nederland.<\/p>\n<p>Ten aanzien van Indonesi\u00eb en de Molukken wil een substantieel groter wordend deel van de Molukkers in Nederland een toenaderingsproces ontwikkelen, de dialoog aangaan en een reguliere samenwerking tot stand brengen. Een bottom-up benadering dus\u2026<\/p>\n<p>&nbsp;<\/p>\n<p><strong><u>The Rhythm of Maluku<\/u><\/strong><\/p>\n<p>In het algemeen gelden de Molukken als een overgangsgebied tussen Indonesi\u00eb en Melanesi\u00eb, die ondanks de grote verschillen in de diverse (streek)talen en culturen, vele overeenkomsten hebben. De samenhang van de eigen (streek)talen, culturen, de Molukse keuken, toneelkunsten, kunstvormen, weefkunsten, sieraden en muzieklijnen heeft zijn eigen klankkleur gekregen, die in heel Indonesi\u00eb bekend is: <u>The <\/u><u>Rhythm of Maluku.<\/u><\/p>\n<p>De 1<sup>ste<\/sup> generatie Molukkers in Nederland is door bovenvermelde redenen gedwongen om naar Nederland te komen. Behalve herinneringen en verhalen heeft men ook hun muziek meegenomen, want muziek is een belangrijk deel van de eigen cultuur. Muziek houdt op alle fronten het moreel hoog en is onderdeel van de onlosmakelijke (bloed)band met de Molukken.<\/p>\n<p>In Nederland heeft de Rhythm of Maluku in de afgelopen decennia zijn eigen klankkleur behouden, maar zich tegelijkertijd ook gemixt met verschillende andere muziekstijlen: rock &amp; roll, jazz, soul, funk en Nederlandstalig muziek, en daardoor een belangrijke bijdrage geleverd aan de integratie van Molukkers in Nederland. Want muziek wordt door en met mensen gemaakt. Het brengt, ongeacht je kleur of afkomst, mensen samen.<\/p>\n<p>In termen van de eerdergenoemde bottom-up benadering binnen het spectrum van een reeks van verscheidenheden binnen de Molukse gemeenschap in Nederland en Indonesi\u00eb\/Molukken is stichting Rhythm of Maluku.nl (RoM.nl) ontstaan.<\/p>\n<p>Stichting Rhythm of Maluku.nl is een nieuwe Molukse culturele organisatie uit Nederland die de Molukken,<\/p>\n<p>met haar geschiedenis, muziek, kunst, taal en cultuur bij een zo breed mogelijk publiek onder de aandacht wil brengen. Speerpunt daarin is het verbinden en uitwisselen van de Molukse kunst en cultuuruitingen die zich in Nederland, in Indonesi\u00eb of elders bij de verschillende Molukse centra zich manifesteren.<\/p>\n<p>Om dat te bewerkstelligen organiseert Stichting Rhythm of Maluku.nl zelf evenementen, initieert zij activiteiten, brengt zij initiatieven samen, faciliteert zij personen of projecten onder paraplu van Stichting Rhythm of Maluku.nl en werkt zij samen met verschillende partijen waaronder nationale provinciale en locale overheden en organisaties in Nederland en Indonesi\u00eb. De belangrijkste partner in de Molukken is op dit moment Amansplus Ministry, een organisatie die erg actief is op het terrein van welzijn, cultuur en toerisme.<\/p>\n<p>Initiatiefnemers van Stichting Rhythm of Maluku.nl zijn Agoes Peilouw (oud theatermanager Museum Maluku), drs. Huib Akihary (auteur, kunsthistoricus en museumdeskundige), Steve Inoeng en Sem Usmany (organisatoren van de Molukse muziekevenementen Best of Both Worlds), Joop Pattinasarany (docent en taalkundige), Marius Maturbongs, Panoes Ubjaan en Polly Roemloes (Aliansi Maluku), Dwight Muskita (artiest) , Wim Lohy (artiest) en Alex Pattipeiluhu (artiest). Later is Gustav Patty (event organizer) bijgekomen.<\/p>\n<p>Marius Maturbongs (penningmeester), Polly Roemloes en Pannus Ubjaan (bestuursleden) vormen samen met Agoes Peilouw (voorzitter) en Steve Inoeng (secretaris) het bestuur van RoM.nl.<\/p>\n<p>Bovengenoemde personen hebben in Nederland hun sporen verdiend in zowel het Nederlands als Moluks maatschappelijk middenveld.<\/p>\n<p>Bij notari\u00eble akte d.d. 27 oktober 2014 is de Stichting Rhythm of Maluku.nl, kortweg RoM.nl, opgericht. De stichting is onder nummer 61904171 ingeschreven in het handelsregister van de Kamers van Koophandel.<\/p>\n<p>Partners zijn in <em>Ambon: <\/em>Reza en Hillary Syaranamual (Amansplus Ministry). In<em> Jakarta: <\/em>Reza Tuasikal (filmer) en Meutia Muskita (netwerker). Verschillende leden van Stichting Rhythm of Maluku.nl kunnen bovendien bogen op een eigen breed netwerk in zowel NL als Indonesi\u00eb o.a. overheden op nationaal, provinciaal en locaal niveau als ook organisaties op de terreinen van geschiedenis, cultuur, welzijn en onderwijs.<\/p>\n<p><u>Doel<\/u><\/p>\n<p>Stichting Rhythm of Maluku.nl heeft haar doelstellingen statutair vastgelegd:<\/p>\n<ol>\n<li>het presenteren en initi\u00ebren van Molukse cultuuruitingen in Nederland en in Indonesi\u00eb;<\/li>\n<li>het volgen van met name die ontwikkelingen in de cultuuruitingen waar sprake is van een wisselwerking tussen de Molukse en de niet-Molukse culturen;<\/li>\n<li>het presenteren van evenementen die de belangstelling voor Molukse cultuuruitingen en podiumkunsten kunnen opwekken;<\/li>\n<li>het binnen de doelstelling samen stellen van totaalprogramma\u2019s waarbinnen zoveel mogelijk disciplines met grote vari\u00ebteit aan bod kunnen komen;<\/li>\n<li>het tot stand brengen van sociale cohesie tussen de Molukse cultuuruitingen in Nederland en Indonesi\u00eb<\/li>\n<\/ol>\n<p>&nbsp;<\/p>\n<p>De stichting tracht haar doel onder meer te verwezenlijken door:<\/p>\n<p>&#8211; het bevorderen van activiteiten, het verlenen van adviezen en hulp bij-het opzetten van nieuwe initiatieven ter verwezenlijking van de doelstelling;<\/p>\n<p>&#8211; het zorg dragen voor geschikte ruimten en faciliteiten die afgestemd zijn op de aard van de activiteiten;<\/p>\n<p>&#8211; het samenwerken en uitwisselen van expertise en know how met partners in Indonesi\u00eb zoals op de Molukken en Jakarta;<\/p>\n<p>&#8211; en het verrichten van al hetgeen met het vorenstaande verband houdt of daartoe bevorderlijk kan zijn.<\/p>\n<p>&nbsp;<\/p>\n<p><u>Activiteiten<\/u><\/p>\n<p>Stichting Rhythm of Maluku.nl wil <u>op de lange termijn<\/u> een erkend platform zijn, die zal zich richten op het toegankelijk maken van de Molukse muziek, kunst en cultuur in Nederland voor een zo breed mogelijk publiek waarbij ook niet-Molukse organisaties actief betrokken zullen worden. Samenwerking en uitwisseling met de Molukken is daarbij van levensbelang.<\/p>\n<p><u>Op de middellange termijn<\/u> wil Stichting Rhythm of Maluku.nl een begrip zijn, door haar doelen verder te operationaliseren en te vertalen in werkdoelen, analyses maken en strategie\u00ebn uitzetten om die doelen te bereiken.<\/p>\n<p>Voor de activiteiten die Stichting Rhythm of Maluku.nl <u>op korte termijn<\/u> wil initi\u00ebren dan wel uitvoeren is geld nodig. Een raming voor de activiteiten gepland in 2015 sluit op een bedrag van circa \u20ac 25.000,00. Omdat de stichting niet over een eigen vermogen beschikt, zal zij naast het genereren van eigen inkomsten een beroep doen moeten doen op derden. Het bestuur zal voor de programmering een financieringsplan voorleggen. Afhankelijk van het soort activiteiten in Nederland zullen Rijk, provincies, gemeentes aangeschreven worden en zullen fondsen en particulieren worden benaderd ter financi\u00eble ondersteuning. Voor de geplande activiteiten in Indonesi\u00eb uit te voeren i.s.m. de partners van Stichting Rhythm of Maluku.nl zullen overeenkomstig externe financiers en subsidies gevonden moeten worden.<\/p>\n<p>Stichting Rhythm of Maluku.nl zal zich in 2015 en 2016 richten op de volgende activiteiten:<\/p>\n<p>&#8211; het verzorgen van cursussen Moluks Maleis op locatie in Nederland<\/p>\n<p>&#8211; het verzorgen van een kookcursus Makanan Maluku op locatie in Nederland<\/p>\n<p>&#8211; het organiseren van muzikale evenementen in Nederland;<\/p>\n<p>&#8211; de samenwerking en uitwisseling met Amansplus Ministry formaliseren en verankeren;<\/p>\n<p>&#8211; Molukse artiesten onder de naam van <em>&#8220;Rhythm of Maluku Band&#8221;\u00a0<\/em>in samenwerking met\u00a0organisaties in Indonesi\u00eb\u00a0\u00a0uitzenden voor optredens naar Java en de Molukken;<\/p>\n<p>&#8211; het bekendmaken van Stichting Rhythm of Maluku.nl in Nederland i.h.b. binnen de Molukse gemeenschap alsmede draagvlak cre\u00ebren.<\/p>\n<p>Stichting Rhythm of Maluku.nl is een beginnende organisatie en zal daarom de SWOT-analyse toepassen. SWOT staat voor: Strengths, Weaknesess, Opportunities en Threats. Het is een diagnose-instrument waarmee RoM.nl de organisatie onder de loep zal nemen. Met als doel te komen tot een toekomststrategie: hoe en waarmee treedt RoM.nl de omgeving tegemoet om te overleven of om tot bloei te komen.<\/p>\n<p>&nbsp;<\/p>\n<p><u>Besteding subsidies en overige gelden<\/u><\/p>\n<p>Behoudens de vorming van een beperkte reserve voor het noodzakelijke beheer van de stichting is het beleid van de stichting er niet op gericht in financi\u00eble zin een vermogen te kweken. De via subsidies en anderszins ontvangen gelden, zullen worden benut voor de realisatie en uitvoering van de programmering en activiteiten. Voor het overige zullen de kosten van exploitatie zo laag mogelijk gehouden worden en zoveel mogelijk gedekt worden vanuit eigen middelen.<\/p>\n<p>Aldus vastgesteld in de bestuursvergadering van 16 juli 2015.<\/p>\n<p>&nbsp;<\/p>\n<p>A.J.J. Peilouw,\u00a0\u00a0\u00a0\u00a0\u00a0\u00a0\u00a0\u00a0\u00a0\u00a0\u00a0\u00a0\u00a0\u00a0\u00a0\u00a0\u00a0\u00a0\u00a0\u00a0\u00a0\u00a0\u00a0\u00a0\u00a0\u00a0\u00a0\u00a0\u00a0\u00a0\u00a0\u00a0\u00a0\u00a0\u00a0\u00a0\u00a0\u00a0\u00a0\u00a0\u00a0\u00a0\u00a0\u00a0\u00a0\u00a0\u00a0\u00a0\u00a0\u00a0 S. Inoeng<\/p>\n<p>voorzitter\u00a0\u00a0\u00a0\u00a0\u00a0\u00a0\u00a0\u00a0\u00a0\u00a0\u00a0\u00a0\u00a0\u00a0\u00a0\u00a0\u00a0\u00a0\u00a0\u00a0\u00a0\u00a0\u00a0\u00a0\u00a0\u00a0\u00a0\u00a0\u00a0\u00a0\u00a0\u00a0\u00a0\u00a0\u00a0\u00a0\u00a0\u00a0\u00a0\u00a0\u00a0\u00a0\u00a0\u00a0\u00a0\u00a0\u00a0\u00a0\u00a0\u00a0\u00a0\u00a0\u00a0\u00a0\u00a0\u00a0\u00a0 secretaris<\/p>\n<p>&nbsp;<\/p>\n<p>&nbsp;<\/p>\n","protected":false},"excerpt":{"rendered":"<p>Ter inleiding De Nederlandse geschiedenis is sinds eeuwen nauw verweven met de geschiedenis van Indonesi\u00eb in het algemeen en de Molukken in het bijzonder. Deze geschiedenis duurt nog steeds voort en ondanks pijnlijke herinneringen hebben Nederland en Indonesi\u00eb in de afgelopen decennia een goede relatie opgebouwd. In termen van investeringen\u2026<\/p>\n<p class=\"continue-reading-button\"> <a class=\"continue-reading-link\" href=\"https:\/\/rhythmofmaluku.nl\/?page_id=369\">Lees meer&#8230;<i class=\"crycon-right-dir\"><\/i><\/a><\/p>\n","protected":false},"author":1,"featured_media":0,"parent":189,"menu_order":0,"comment_status":"closed","ping_status":"open","template":"","meta":{"_exactmetrics_skip_tracking":false,"_exactmetrics_sitenote_active":false,"_exactmetrics_sitenote_note":"","_exactmetrics_sitenote_category":0},"_links":{"self":[{"href":"https:\/\/rhythmofmaluku.nl\/index.php?rest_route=\/wp\/v2\/pages\/369"}],"collection":[{"href":"https:\/\/rhythmofmaluku.nl\/index.php?rest_route=\/wp\/v2\/pages"}],"about":[{"href":"https:\/\/rhythmofmaluku.nl\/index.php?rest_route=\/wp\/v2\/types\/page"}],"author":[{"embeddable":true,"href":"https:\/\/rhythmofmaluku.nl\/index.php?rest_route=\/wp\/v2\/users\/1"}],"replies":[{"embeddable":true,"href":"https:\/\/rhythmofmaluku.nl\/index.php?rest_route=%2Fwp%2Fv2%2Fcomments&post=369"}],"version-history":[{"count":14,"href":"https:\/\/rhythmofmaluku.nl\/index.php?rest_route=\/wp\/v2\/pages\/369\/revisions"}],"predecessor-version":[{"id":766,"href":"https:\/\/rhythmofmaluku.nl\/index.php?rest_route=\/wp\/v2\/pages\/369\/revisions\/766"}],"up":[{"embeddable":true,"href":"https:\/\/rhythmofmaluku.nl\/index.php?rest_route=\/wp\/v2\/pages\/189"}],"wp:attachment":[{"href":"https:\/\/rhythmofmaluku.nl\/index.php?rest_route=%2Fwp%2Fv2%2Fmedia&parent=369"}],"curies":[{"name":"wp","href":"https:\/\/api.w.org\/{rel}","templated":true}]}}